{"id":64,"date":"2023-04-28T12:31:58","date_gmt":"2023-04-28T10:31:58","guid":{"rendered":"https:\/\/fisadis.com\/?page_id=64"},"modified":"2023-04-28T15:27:56","modified_gmt":"2023-04-28T13:27:56","slug":"mentions-legales","status":"publish","type":"page","link":"https:\/\/fisadis.com\/index.php\/mentions-legales\/","title":{"rendered":"Mentions L\u00e9gales"},"content":{"rendered":"\n<p class=\"has-medium-font-size\"><strong>FISADIS SAS<\/strong><\/p>\n\n\n\n<p>Holding (Groupe FISADIS)<\/p>\n\n\n\n<p>229 rue Saint-Honor\u00e9 75001 PARIS<\/p>\n\n\n\n<p>897 842 829 R.C.S. PARIS<\/p>\n\n\n\n<p>SAS au Capital de 10000\u20ac<\/p>\n\n\n\n<p>FISADIS\u00ae est une Marque d\u00e9pos\u00e9e : INPI 4652632<\/p>\n\n\n\n<p>Directeur de la Publication : Eric Maillard<\/p>\n\n\n\n<p>06 70 01 77 02<\/p>\n\n\n\n<p><\/p>\n\n\n\n<p class=\"has-medium-font-size\"><strong>UTILISATION DES COOKIES<\/strong><\/p>\n\n\n\n<p>Actuellement, le site n\u2019utilise pas Google Analytics, un service d\u2019analyse de site internet fourni par Google Inc.<\/p>\n\n\n\n<p>Google Analytics sert \u00e0 obtenir des statistiques sur l\u2019utilisation du site et \u00e0 afficher des publicit\u00e9s cibl\u00e9es<\/p>\n","protected":false},"excerpt":{"rendered":"<p>FISADIS SAS Holding (Groupe FISADIS) 229 rue Saint-Honor\u00e9 75001 PARIS 897 842 829 R.C.S. PARIS SAS au Capital de 10000\u20ac FISADIS\u00ae est une Marque d\u00e9pos\u00e9e : INPI 4652632 Directeur de la Publication : Eric Maillard 06 70 01 77 02 UTILISATION DES COOKIES Actuellement, le site n\u2019utilise pas Google Analytics, un service d\u2019analyse de site [&hellip;]<\/p>\n","protected":false},"author":1,"featured_media":0,"parent":0,"menu_order":0,"comment_status":"closed","ping_status":"closed","template":"","meta":{"site-sidebar-layout":"default","site-content-layout":"","ast-site-content-layout":"","site-content-style":"default","site-sidebar-style":"default","ast-global-header-display":"","ast-banner-title-visibility":"","ast-main-header-display":"","ast-hfb-above-header-display":"","ast-hfb-below-header-display":"","ast-hfb-mobile-header-display":"","site-post-title":"","ast-breadcrumbs-content":"","ast-featured-img":"","footer-sml-layout":"","theme-transparent-header-meta":"","adv-header-id-meta":"","stick-header-meta":"","header-above-stick-meta":"","header-main-stick-meta":"","header-below-stick-meta":"","astra-migrate-meta-layouts":"default","ast-page-background-enabled":"default","ast-page-background-meta":{"desktop":{"background-color":"var(--ast-global-color-4)","background-image":"","background-repeat":"repeat","background-position":"center center","background-size":"auto","background-attachment":"scroll","background-type":"","background-media":"","overlay-type":"","overlay-color":"","overlay-gradient":""},"tablet":{"background-color":"","background-image":"","background-repeat":"repeat","background-position":"center center","background-size":"auto","background-attachment":"scroll","background-type":"","background-media":"","overlay-type":"","overlay-color":"","overlay-gradient":""},"mobile":{"background-color":"","background-image":"","background-repeat":"repeat","background-position":"center center","background-size":"auto","background-attachment":"scroll","background-type":"","background-media":"","overlay-type":"","overlay-color":"","overlay-gradient":""}},"ast-content-background-meta":{"desktop":{"background-color":"var(--ast-global-color-5)","background-image":"","background-repeat":"repeat","background-position":"center center","background-size":"auto","background-attachment":"scroll","background-type":"","background-media":"","overlay-type":"","overlay-color":"","overlay-gradient":""},"tablet":{"background-color":"var(--ast-global-color-5)","background-image":"","background-repeat":"repeat","background-position":"center center","background-size":"auto","background-attachment":"scroll","background-type":"","background-media":"","overlay-type":"","overlay-color":"","overlay-gradient":""},"mobile":{"background-color":"var(--ast-global-color-5)","background-image":"","background-repeat":"repeat","background-position":"center center","background-size":"auto","background-attachment":"scroll","background-type":"","background-media":"","overlay-type":"","overlay-color":"","overlay-gradient":""}},"footnotes":""},"_links":{"self":[{"href":"https:\/\/fisadis.com\/index.php\/wp-json\/wp\/v2\/pages\/64"}],"collection":[{"href":"https:\/\/fisadis.com\/index.php\/wp-json\/wp\/v2\/pages"}],"about":[{"href":"https:\/\/fisadis.com\/index.php\/wp-json\/wp\/v2\/types\/page"}],"author":[{"embeddable":true,"href":"https:\/\/fisadis.com\/index.php\/wp-json\/wp\/v2\/users\/1"}],"replies":[{"embeddable":true,"href":"https:\/\/fisadis.com\/index.php\/wp-json\/wp\/v2\/comments?post=64"}],"version-history":[{"count":2,"href":"https:\/\/fisadis.com\/index.php\/wp-json\/wp\/v2\/pages\/64\/revisions"}],"predecessor-version":[{"id":88,"href":"https:\/\/fisadis.com\/index.php\/wp-json\/wp\/v2\/pages\/64\/revisions\/88"}],"wp:attachment":[{"href":"https:\/\/fisadis.com\/index.php\/wp-json\/wp\/v2\/media?parent=64"}],"curies":[{"name":"wp","href":"https:\/\/api.w.org\/{rel}","templated":true}]}}